{"id":336,"date":"2025-10-03T11:32:11","date_gmt":"2025-10-03T11:32:11","guid":{"rendered":"https:\/\/radovanovicdentalcenter.rs\/?page_id=336"},"modified":"2025-10-03T11:35:34","modified_gmt":"2025-10-03T11:35:34","slug":"dental-turizam","status":"publish","type":"page","link":"https:\/\/radovanovicdentalcenter.rs\/?page_id=336","title":{"rendered":"Dental turizam"},"content":{"rendered":"\n<p>               <strong>   <\/strong><\/p>\n\n\n\n<figure class=\"wp-block-image size-full is-resized\"><img decoding=\"async\" width=\"128\" height=\"128\" src=\"https:\/\/radovanovicdentalcenter.rs\/wp-content\/uploads\/2025\/10\/724927.png\" alt=\"\" class=\"wp-image-339\" style=\"width:44px;height:auto\"\/><\/figure>\n\n\n\n<div class=\"wp-block-group is-nowrap is-layout-flex wp-container-core-group-is-layout-ad2f72ca wp-block-group-is-layout-flex\">\n<p class=\"has-text-align-center\">          <strong>NALAZIMO SE 45km od Beograda..<\/strong>                                                                                   U dana\u0161nje vreme, dentalni turizam postaje sve popularniji. Mnogi ljudi iz razli\u010ditih delova sveta dolaze kod nas kako bi dobili vrhunsku stomatolo\u0161ku uslugu po pristupa\u010dnim cenama, istovremeno u\u017eivaju\u0107i u lepoti i gostoprimstvu Lazarevca. Nudimo vam sve \u0161to vam je potrebno da va\u0161 boravak bude prijatan i efikasan.<\/p>\n<\/div>\n\n\n\n<div class=\"wp-block-columns is-layout-flex wp-container-core-columns-is-layout-9d6595d7 wp-block-columns-is-layout-flex\">\n<div class=\"wp-block-column is-layout-flow wp-block-column-is-layout-flow\" style=\"flex-basis:100%\"><div class=\"wp-block-image\">\n<figure class=\"aligncenter size-full\"><img fetchpriority=\"high\" decoding=\"async\" width=\"600\" height=\"345\" src=\"https:\/\/radovanovicdentalcenter.rs\/wp-content\/uploads\/2025\/09\/untitled-5-68c261c647b68-1.webp\" alt=\"\" class=\"wp-image-99\" title=\"Dental-turizam-Novi-Sad--Srbija\" srcset=\"https:\/\/radovanovicdentalcenter.rs\/wp-content\/uploads\/2025\/09\/untitled-5-68c261c647b68-1.webp 600w, https:\/\/radovanovicdentalcenter.rs\/wp-content\/uploads\/2025\/09\/untitled-5-68c261c647b68-1-300x173.webp 300w\" sizes=\"(max-width: 600px) 100vw, 600px\" \/><\/figure>\n<\/div><\/div>\n<\/div>\n\n\n\n<h3 class=\"wp-block-heading\">Kontaktirajte nas ili nam pi\u0161ite<\/h3>\n\n\n\n<p>Mo\u017eete nas kontaktirati preko sajta, Facebook-a, Vibera, WhatsApp-a. Trudi\u0107emo se da Vam odgovorimo \u0161to pre. Preporu\u010dujemo da uz pitanja prilo\u017eite i ortopan ili 3D snimak gornje i donje vilice, kako bismo odmah mogli da analiziramo stanje Va\u0161ih zuba i pru\u017eimo detaljan odgovor. Ako nemate taj snimak, mo\u017eemo ga napraviti u na\u0161oj ordinaciji prilikom Va\u0161e posete.<\/p>\n\n\n\n<p>Za detaljnu analizu tro\u0161kova, jo\u0161 bolje je da se \u010dujemo preko Vibera ili WhatsApp-a. Usmeno nam mo\u017eete objasniti da li su u pitanju bezube vilice i da li \u017eelite fiksne zube ili proteze na kop\u010danje. Tada \u0107emo Vam re\u0107i koliko slobodnih dana je potrebno i kolika je cena.<\/p>\n\n\n\n<p>Za Vas smo dostupni putem<strong> online forme<\/strong>, telefonom na <strong>+381605005031<\/strong>, kao i putem <strong>Viber, WhatsApp-a, Facebook-a<\/strong>.<\/p>\n\n\n\n<h3 class=\"wp-block-heading\">Pru\u017eamo uslugu voza\u010da, obezbe\u0111ujemo sme\u0161taj i parking mesta<\/h3>\n\n\n\n<p>Organizaciju puta i sme\u0161taja mo\u017eete prepustiti nama. Ako dolazite avionom, mo\u017eemo poslati voza\u010da da Vas do\u010deka na aerodromu i preveze do sme\u0161taja i ordinacije. Ako dolazite svojim vozilom, ispred ordinacije je dostupan besplatan parking. Postoji i opcija organizacije sme\u0161taja.<\/p>\n\n\n\n<h3 class=\"wp-block-heading\">Prvi pregled i snimanje zuba<\/h3>\n\n\n\n<p>Kada do\u0111ete u na\u0161u ordinaciju, prvo radimo snimanje zuba. U ponudi imamo <strong>3D snimanje zuba<\/strong>, koje je neophodno ako planirate ugradnju implantata. Nakon toga, doktor analizira snimak i razgovara s vama. Detaljno prolazimo kroz plan terapije, obja\u0161njavaju\u0107i kakve privremene i trajne zube mo\u017eete dobiti, od kojih materijala i u kojem vremenskom roku.<\/p>\n\n\n\n<h3 class=\"wp-block-heading\">Ugradnja implantata<\/h3>\n\n\n\n<p>Ugradnja implantata se mo\u017ee zavr\u0161iti za<strong> jedan dan po vilici<\/strong>. \u010cak i ako pacijent ima zube koje treba izvaditi, obi\u010dno zavr\u0161avamo va\u0111enje zuba i ugradnju implantata tokom jedne posete po vilici, bez obzira na broj implantata koji treba ugraditi.<\/p>\n\n\n\n<p>Ako 3D snimak poka\u017ee da nema dovoljno kosti u gornjoj vilici, radimo <a href=\"https:\/\/indental.rs\/stomatolog-usluge-novi-sad\/zubni-implanti\/sinus-lift-i-augmentacija-kosti\/\">sinus lift proceduru<\/a> sa ugradnjom ve\u0161ta\u010dke kosti. Naj\u010de\u0161\u0107e, istog dana obavljamo i sinus lift i ugradnju implantata.<\/p>\n\n\n\n<p>Kada se ugra\u0111uju \u010detiri implantata u bezubu vilicu, postoji mogu\u0107nost da se za jednu posetu zavr\u0161e obe vilice, tj. da se za jedan dan ugrade \u010detiri implantata gore i \u010detiri dole. To zavisi od stanja pacijenta i kako podnosi intervenciju. Ukoliko pacijent boravi kod nas oko sedam dana, savetujemo da se obe vilice ne rade istog dana.<\/p>\n\n\n\n<p>Ve\u0107 prilikom prvog razgovora potrebno je da nas obavestite da li uzimate neku terapiju ili lekove. Ako pacijent uzima lekove za razre\u0111ivanje krvi, potrebna je posebna priprema. Kod odre\u0111enih sr\u010danih bolesti, neophodno je zapo\u010deti terapiju antibioticima pre intervencije.<\/p>\n\n\n\n<h3 class=\"wp-block-heading\">Izrada privremenih zuba<\/h3>\n\n\n\n<p>Kada su u pitanju bezube vilice ili smo tokom intervencije izvadili sve preostale zube, prelazimo na izradu privremenih zuba. Ukoliko su implanti dovoljno stabilni, \u0161to je naj\u010de\u0161\u0107e slu\u010daj, izra\u0111ujemo fiksne privremene zube. Oni se za\u0161rafljuju na implantate i prave se od akrilata, laganog materijala sa metalnim oja\u010danjem unutra.<\/p>\n\n\n\n<p>Potrebno je<strong> pet dana za izradu<\/strong> ovih zuba, \u0161to pacijentu nagla\u0161avamo tokom prvog razgovora. Odmah nakon ugradnje implantata uzimamo otisak. Preporu\u010dljivo je da pacijent boravi u Lazarevcu ili Beogradu ili okolini tokom tih pet dana, jer \u0107e nekoliko puta dolaziti u ordinaciju pre nego \u0161to zubi budu gotovi.<\/p>\n\n\n\n<p>Sa ovim zubima, pacijent mo\u017ee normalno da \u017eva\u0107e hranu i govori, \u0161to je najbolja opcija dok \u010deka trajne zube. Pacijent se brzo mo\u017ee vratiti svojim poslovnim i privatnim obavezama.<\/p>\n\n\n\n<p>Izuzetak su slu\u010dajevi kada se radi <a href=\"https:\/\/indental.rs\/stomatolog-usluge-novi-sad\/zubni-implanti\/sinus-lift-i-augmentacija-kosti\/\">sinus lift procedura<\/a>. Implantati postavljeni u sinus nisu dovoljno stabilni, pa ne mo\u017eemo napraviti fiksne privremene zube. U tim slu\u010dajevima, jedina opcija su totalne proteze.<\/p>\n\n\n\n<p>Ako je pacijent ranije nosio totalne proteze, mo\u017ee ih nastaviti nositi dok \u010deka trajne zube. Me\u0111utim, nakon intervencije, nekoliko dana \u0107e imati otok i ne\u0107e mo\u0107i koristiti proteze. U tim slu\u010dajevima, nije potrebno praviti fiksne privremene zube.<\/p>\n\n\n\n<p>Alternativa su totalne proteze kao privremeno re\u0161enje. Problem s protezama je \u0161to ne mo\u017eemo uzeti otisak dok traje otok u ustima, \u0161to mo\u017ee trajati oko sedam dana. Nakon toga, potrebno je jo\u0161 sedam dana za izradu proteze. Pacijent treba ovo da zna zbog uzimanja slobodnih dana.<\/p>\n\n\n\n<p>Totalne proteze se uglavnom moraju fiksirati lepilima koja se kupuju u apotekama.<\/p>\n\n\n\n<p>Ako vam nedostaje samo nekoliko zuba, postoji mogu\u0107nost izrade privremenih zuba. Obi\u010dno se radi o situacijama kada pacijentu nedostaje jedan ili vi\u0161e zuba u prednjem delu vilice. Uzimamo otisak odmah nakon ugradnje implantata i privremeni zubi se za\u0161rafljuju na implantate za nekoliko dana.<\/p>\n\n\n\n<h3 class=\"wp-block-heading\">Izrada stalnih zuba<\/h3>\n\n\n\n<p>Stalni zubi se izra\u0111uju<strong> tri do \u0161est meseci<\/strong> nakon ugradnje implantata. Potrebno je da nas kontaktirate mesec dana pre nego \u0161to dobijete slobodne dane za dolazak u Lazarevac. Ovo je va\u017eno za organizaciju va\u0161eg sme\u0161taja i koordinaciju sa na\u0161om zubotehni\u010dkom laboratorijom.<\/p>\n\n\n\n<p>Obi\u010dno, tokom prve posete pacijent odlu\u010duje kakve stalne zube \u017eeli. To je za nas najbolja opcija jer unapred znamo \u0161ta radimo i mo\u017eemo da obavestimo zubotehniku. Tada pacijentu saop\u0161tavamo koliko dana \u0107e biti potrebno da ostane u Lazarevcu. Pacijent mo\u017ee doneti odluku i kasnije, ali je va\u017eno da nas o tome obavesti tokom razgovora.<\/p>\n\n\n\n<p>Ako pacijent ima ograni\u010den broj slobodnih dana i ne javi nam na vreme za koje se zube odlu\u010dio, mo\u017ee se desiti da ne zavr\u0161imo izradu zuba tokom njegovog boravka u Lazarevcu. Zato je bitno sve unapred dogovoriti.<\/p>\n\n\n\n<h3 class=\"wp-block-heading\">Pra\u0107enje i Odr\u017eavanje<\/h3>\n\n\n\n<p>Nudimo mogu\u0107nost online konsultacija za pra\u0107enje napretka i dodatne savete.<\/p>\n\n\n\n<p>Nakon zavr\u0161etka tretmana, pru\u017eamo vam sve potrebne informacije za odr\u017eavanje va\u0161eg novog osmeha.<\/p>\n\n\n\n<p>Na\u0161i stru\u010dnjaci su vam dostupni za bilo kakva dodatna pitanja ili savete.<\/p>\n","protected":false},"excerpt":{"rendered":"<p>NALAZIMO SE 45km od Beograda.. U dana\u0161nje vreme, dentalni turizam postaje sve popularniji. Mnogi ljudi iz razli\u010ditih delova sveta dolaze kod nas kako bi dobili vrhunsku stomatolo\u0161ku uslugu po pristupa\u010dnim cenama, istovremeno u\u017eivaju\u0107i u lepoti i gostoprimstvu Lazarevca. Nudimo vam sve \u0161to vam je potrebno da va\u0161 boravak bude prijatan i efikasan. Kontaktirajte nas ili [&hellip;]<\/p>\n","protected":false},"author":1,"featured_media":0,"parent":0,"menu_order":0,"comment_status":"closed","ping_status":"closed","template":"","meta":{"footnotes":""},"class_list":["post-336","page","type-page","status-publish","hentry"],"_links":{"self":[{"href":"https:\/\/radovanovicdentalcenter.rs\/index.php?rest_route=\/wp\/v2\/pages\/336","targetHints":{"allow":["GET"]}}],"collection":[{"href":"https:\/\/radovanovicdentalcenter.rs\/index.php?rest_route=\/wp\/v2\/pages"}],"about":[{"href":"https:\/\/radovanovicdentalcenter.rs\/index.php?rest_route=\/wp\/v2\/types\/page"}],"author":[{"embeddable":true,"href":"https:\/\/radovanovicdentalcenter.rs\/index.php?rest_route=\/wp\/v2\/users\/1"}],"replies":[{"embeddable":true,"href":"https:\/\/radovanovicdentalcenter.rs\/index.php?rest_route=%2Fwp%2Fv2%2Fcomments&post=336"}],"version-history":[{"count":4,"href":"https:\/\/radovanovicdentalcenter.rs\/index.php?rest_route=\/wp\/v2\/pages\/336\/revisions"}],"predecessor-version":[{"id":342,"href":"https:\/\/radovanovicdentalcenter.rs\/index.php?rest_route=\/wp\/v2\/pages\/336\/revisions\/342"}],"wp:attachment":[{"href":"https:\/\/radovanovicdentalcenter.rs\/index.php?rest_route=%2Fwp%2Fv2%2Fmedia&parent=336"}],"curies":[{"name":"wp","href":"https:\/\/api.w.org\/{rel}","templated":true}]}}