{"id":222,"date":"2025-10-01T09:58:22","date_gmt":"2025-10-01T09:58:22","guid":{"rendered":"https:\/\/radovanovicdentalcenter.rs\/?page_id=222"},"modified":"2025-10-01T09:58:23","modified_gmt":"2025-10-01T09:58:23","slug":"implantologija","status":"publish","type":"page","link":"https:\/\/radovanovicdentalcenter.rs\/?page_id=222","title":{"rendered":"Implantologija"},"content":{"rendered":"\n<p>Implantologija je posebna grana stomatologije koja se bavi <strong>ugradnjom zubnih implantata<\/strong> i protetskim nadoknadama na njima.<\/p>\n\n\n\n<p>\ud83d\udd39 <strong>Zubni implantat<\/strong> je mali titanijumski \u0161raf koji se hirur\u0161ki ugra\u0111uje u kost vilice i slu\u017ei kao zamena za koren zuba.<br>Na njega se kasnije postavlja:<\/p>\n\n\n\n<ul class=\"wp-block-list\">\n<li>krunica (za jedan zub),<\/li>\n\n\n\n<li>most (za vi\u0161e zuba),<\/li>\n\n\n\n<li>ili proteza (kod potpunog gubitka zuba).<\/li>\n<\/ul>\n\n\n\n<p>\ud83d\udc49 Cilj implantologije:<\/p>\n\n\n\n<ul class=\"wp-block-list\">\n<li>vra\u0107anje izgubljenih zuba bez potrebe da se bruse susedni,<\/li>\n\n\n\n<li>o\u010duvanje kosti vilice (jer implantat prenosi silu \u017evakanja),<\/li>\n\n\n\n<li>pobolj\u0161anje funkcije (\u017evakanje, govor) i estetike (osmeh, oblik lica).<\/li>\n<\/ul>\n\n\n\n<p>Danas je implantologija jedna od <strong>najbr\u017ee rastu\u0107ih oblasti stomatologije<\/strong> jer omogu\u0107ava dugotrajnije i stabilnije re\u0161enje u odnosu na klasi\u010dne proteze ili mostove.<\/p>\n","protected":false},"excerpt":{"rendered":"<p>Implantologija je posebna grana stomatologije koja se bavi ugradnjom zubnih implantata i protetskim nadoknadama na njima. \ud83d\udd39 Zubni implantat je mali titanijumski \u0161raf koji se hirur\u0161ki ugra\u0111uje u kost vilice i slu\u017ei kao zamena za koren zuba.Na njega se kasnije postavlja: \ud83d\udc49 Cilj implantologije: Danas je implantologija jedna od najbr\u017ee rastu\u0107ih oblasti stomatologije jer omogu\u0107ava [&hellip;]<\/p>\n","protected":false},"author":1,"featured_media":0,"parent":0,"menu_order":0,"comment_status":"closed","ping_status":"closed","template":"","meta":{"footnotes":""},"class_list":["post-222","page","type-page","status-publish","hentry"],"_links":{"self":[{"href":"https:\/\/radovanovicdentalcenter.rs\/index.php?rest_route=\/wp\/v2\/pages\/222","targetHints":{"allow":["GET"]}}],"collection":[{"href":"https:\/\/radovanovicdentalcenter.rs\/index.php?rest_route=\/wp\/v2\/pages"}],"about":[{"href":"https:\/\/radovanovicdentalcenter.rs\/index.php?rest_route=\/wp\/v2\/types\/page"}],"author":[{"embeddable":true,"href":"https:\/\/radovanovicdentalcenter.rs\/index.php?rest_route=\/wp\/v2\/users\/1"}],"replies":[{"embeddable":true,"href":"https:\/\/radovanovicdentalcenter.rs\/index.php?rest_route=%2Fwp%2Fv2%2Fcomments&post=222"}],"version-history":[{"count":1,"href":"https:\/\/radovanovicdentalcenter.rs\/index.php?rest_route=\/wp\/v2\/pages\/222\/revisions"}],"predecessor-version":[{"id":223,"href":"https:\/\/radovanovicdentalcenter.rs\/index.php?rest_route=\/wp\/v2\/pages\/222\/revisions\/223"}],"wp:attachment":[{"href":"https:\/\/radovanovicdentalcenter.rs\/index.php?rest_route=%2Fwp%2Fv2%2Fmedia&parent=222"}],"curies":[{"name":"wp","href":"https:\/\/api.w.org\/{rel}","templated":true}]}}