{"id":215,"date":"2025-10-01T09:55:49","date_gmt":"2025-10-01T09:55:49","guid":{"rendered":"https:\/\/radovanovicdentalcenter.rs\/?page_id=215"},"modified":"2025-10-01T09:55:51","modified_gmt":"2025-10-01T09:55:51","slug":"protetika","status":"publish","type":"page","link":"https:\/\/radovanovicdentalcenter.rs\/?page_id=215","title":{"rendered":"Protetika"},"content":{"rendered":"\n<p>Protetika je grana stomatologije koja se bavi <strong>nadoknadom izgubljenih zuba i zubnih tkiva<\/strong> pomo\u0107u razli\u010ditih protetskih nadoknada.<br>Cilj protetike je da se pacijentu vrate:<\/p>\n\n\n\n<ul class=\"wp-block-list\">\n<li><strong>funkcija<\/strong> (\u017evakanje, govor),<\/li>\n\n\n\n<li><strong>estetika<\/strong> (izgled osmeha i lica),<\/li>\n\n\n\n<li><strong>zdravlje<\/strong> (spre\u010dava se propadanje okolnih zuba i vilice).<\/li>\n<\/ul>\n\n\n\n<p>Postoje razli\u010dite vrste protetike:<\/p>\n\n\n\n<ul class=\"wp-block-list\">\n<li><strong>Fiksna protetika<\/strong> \u2013 mostovi, krunice, fasete (cementiraju se i pacijent ih ne skida).<\/li>\n\n\n\n<li><strong>Mobilna protetika<\/strong> \u2013 totalne ili parcijalne proteze (pacijent ih mo\u017ee skidati).<\/li>\n\n\n\n<li><strong>Kombinovana protetika<\/strong> \u2013 kombinacija fiksnih i mobilnih re\u0161enja.<\/li>\n\n\n\n<li><strong>Implantoprotetika<\/strong> \u2013 protetske nadoknade koje se postavljaju na zubne implante.<\/li>\n<\/ul>\n","protected":false},"excerpt":{"rendered":"<p>Protetika je grana stomatologije koja se bavi nadoknadom izgubljenih zuba i zubnih tkiva pomo\u0107u razli\u010ditih protetskih nadoknada.Cilj protetike je da se pacijentu vrate: Postoje razli\u010dite vrste protetike:<\/p>\n","protected":false},"author":1,"featured_media":0,"parent":0,"menu_order":0,"comment_status":"closed","ping_status":"closed","template":"","meta":{"footnotes":""},"class_list":["post-215","page","type-page","status-publish","hentry"],"_links":{"self":[{"href":"https:\/\/radovanovicdentalcenter.rs\/index.php?rest_route=\/wp\/v2\/pages\/215","targetHints":{"allow":["GET"]}}],"collection":[{"href":"https:\/\/radovanovicdentalcenter.rs\/index.php?rest_route=\/wp\/v2\/pages"}],"about":[{"href":"https:\/\/radovanovicdentalcenter.rs\/index.php?rest_route=\/wp\/v2\/types\/page"}],"author":[{"embeddable":true,"href":"https:\/\/radovanovicdentalcenter.rs\/index.php?rest_route=\/wp\/v2\/users\/1"}],"replies":[{"embeddable":true,"href":"https:\/\/radovanovicdentalcenter.rs\/index.php?rest_route=%2Fwp%2Fv2%2Fcomments&post=215"}],"version-history":[{"count":1,"href":"https:\/\/radovanovicdentalcenter.rs\/index.php?rest_route=\/wp\/v2\/pages\/215\/revisions"}],"predecessor-version":[{"id":218,"href":"https:\/\/radovanovicdentalcenter.rs\/index.php?rest_route=\/wp\/v2\/pages\/215\/revisions\/218"}],"wp:attachment":[{"href":"https:\/\/radovanovicdentalcenter.rs\/index.php?rest_route=%2Fwp%2Fv2%2Fmedia&parent=215"}],"curies":[{"name":"wp","href":"https:\/\/api.w.org\/{rel}","templated":true}]}}