{"id":17,"date":"2025-09-02T15:56:58","date_gmt":"2025-09-02T15:56:58","guid":{"rendered":"https:\/\/radovanovicdentalcenter.rs\/?page_id=17"},"modified":"2026-02-17T20:20:28","modified_gmt":"2026-02-17T20:20:28","slug":"o-nama","status":"publish","type":"page","link":"https:\/\/radovanovicdentalcenter.rs\/?page_id=17","title":{"rendered":"O nama"},"content":{"rendered":"\n<p>Dobrodo\u0161li u na\u0161u stomatolo\u0161ku ordinaciju Dental Center \u2013 mesto gde se znanje, iskustvo i savremena tehnologija spajaju kako bi vam pru\u017eili najbolju negu za va\u0161 osmeh. Na\u0161 tim stru\u010dnjaka posve\u0107en je tome da svaka poseta bude prijatna, bezbolna i ispunjena poverenjem.<\/p>\n\n\n\n<p>Pru\u017eamo kompletnu stomatolo\u0161ku uslugu \u2013 od preventivne i estetske stomatologije, preko protetike, ortopedije vilica, implantologije i endodoncije, pa sve do oralne hirurgije i parodontologije. Verujemo da zdrav i lep osmeh uti\u010de na samopouzdanje i kvalitet \u017eivota, zato se trudimo da svakom pacijentu pristupimo individualno i sa puno pa\u017enje.<\/p>\n\n\n\n<p>Na\u0161 cilj je da brinemo o va\u0161im zubima kao o sopstvenim \u2013 pa\u017eljivo, profesionalno i uz osmeh.<\/p>\n\n\n\n<div class=\"wp-block-group\" style=\"margin-top:0;margin-bottom:0;padding-top:60px;padding-right:20px;padding-bottom:60px;padding-left:20px\"><div class=\"wp-block-group__inner-container is-layout-constrained wp-container-core-group-is-layout-df963dc4 wp-block-group-is-layout-constrained\">\n<div class=\"wp-block-group alignwide\"><div class=\"wp-block-group__inner-container is-layout-flow wp-block-group-is-layout-flow\">\n<div class=\"wp-block-columns is-layout-flex wp-container-core-columns-is-layout-3da6863c wp-block-columns-is-layout-flex\">\n<div class=\"wp-block-column is-layout-flow wp-block-column-is-layout-flow\">\n<div class=\"wp-block-group\"><div class=\"wp-block-group__inner-container is-layout-constrained wp-block-group-is-layout-constrained\">\n<div class=\"wp-block-group shadow has-white-background-color has-background\" style=\"border-radius:20px;padding-top:8px;padding-right:8px;padding-bottom:8px;padding-left:8px\"><div class=\"wp-block-group__inner-container is-layout-constrained wp-container-core-group-is-layout-626f7581 wp-block-group-is-layout-constrained\">\n<div class=\"wp-block-group\"><div class=\"wp-block-group__inner-container is-layout-constrained wp-block-group-is-layout-constrained\"><div class=\"wp-block-image\">\n<figure class=\"aligncenter size-full is-resized has-custom-border\"><img fetchpriority=\"high\" decoding=\"async\" width=\"1710\" height=\"2560\" src=\"https:\/\/radovanovicdentalcenter.rs\/wp-content\/uploads\/2025\/09\/DSC05887-scaled.jpg\" alt=\"\" class=\"wp-image-75\" style=\"border-radius:12px;width:190px;height:auto\" srcset=\"https:\/\/radovanovicdentalcenter.rs\/wp-content\/uploads\/2025\/09\/DSC05887-scaled.jpg 1710w, https:\/\/radovanovicdentalcenter.rs\/wp-content\/uploads\/2025\/09\/DSC05887-200x300.jpg 200w, https:\/\/radovanovicdentalcenter.rs\/wp-content\/uploads\/2025\/09\/DSC05887-684x1024.jpg 684w, https:\/\/radovanovicdentalcenter.rs\/wp-content\/uploads\/2025\/09\/DSC05887-768x1150.jpg 768w, https:\/\/radovanovicdentalcenter.rs\/wp-content\/uploads\/2025\/09\/DSC05887-1026x1536.jpg 1026w, https:\/\/radovanovicdentalcenter.rs\/wp-content\/uploads\/2025\/09\/DSC05887-1368x2048.jpg 1368w\" sizes=\"(max-width: 1710px) 100vw, 1710px\" \/><\/figure>\n<\/div><\/div><\/div>\n\n\n\n<div class=\"wp-block-group\" style=\"margin-top:16px;margin-bottom:8px;padding-right:15px;padding-left:15px\"><div class=\"wp-block-group__inner-container is-layout-constrained wp-container-core-group-is-layout-a8be88c5 wp-block-group-is-layout-constrained\">\n<h4 class=\"wp-block-heading has-text-align-center\">Dr. Du\u0161an Radovanovi\u0107<\/h4>\n\n\n\n<p class=\"has-text-align-center has-primary-color has-text-color has-link-color wp-elements-47b8c112e0b15e085f749874bed78dc8\" style=\"margin-top:var(--wp--preset--spacing--20)\">Diplomirani stomatolog<\/p>\n\n\n\n<p class=\"has-text-align-center has-primary-color has-text-color has-link-color wp-elements-1eef1c902a881711553af14a780c0e4c\" style=\"margin-top:var(--wp--preset--spacing--20)\"><\/p>\n\n\n\n<p class=\"has-text-align-center has-primary-color has-text-color has-link-color wp-elements-1eef1c902a881711553af14a780c0e4c\" style=\"margin-top:var(--wp--preset--spacing--20)\"><\/p>\n<\/div><\/div>\n<\/div><\/div>\n<\/div><\/div>\n<\/div>\n\n\n\n<div class=\"wp-block-column is-layout-flow wp-block-column-is-layout-flow\">\n<div class=\"wp-block-group\"><div class=\"wp-block-group__inner-container is-layout-constrained wp-block-group-is-layout-constrained\">\n<div class=\"wp-block-group shadow has-white-background-color has-background\" style=\"border-radius:20px;padding-top:8px;padding-right:8px;padding-bottom:8px;padding-left:8px\"><div class=\"wp-block-group__inner-container is-layout-constrained wp-container-core-group-is-layout-626f7581 wp-block-group-is-layout-constrained\">\n<div class=\"wp-block-group\"><div class=\"wp-block-group__inner-container is-layout-constrained wp-block-group-is-layout-constrained\"><div class=\"wp-block-image\">\n<figure class=\"aligncenter size-full is-resized has-custom-border\"><img decoding=\"async\" width=\"1710\" height=\"2560\" src=\"https:\/\/radovanovicdentalcenter.rs\/wp-content\/uploads\/2025\/09\/DSC05891-scaled.jpg\" alt=\"\" class=\"wp-image-76\" style=\"border-radius:12px;width:187px;height:auto\" srcset=\"https:\/\/radovanovicdentalcenter.rs\/wp-content\/uploads\/2025\/09\/DSC05891-scaled.jpg 1710w, https:\/\/radovanovicdentalcenter.rs\/wp-content\/uploads\/2025\/09\/DSC05891-200x300.jpg 200w, https:\/\/radovanovicdentalcenter.rs\/wp-content\/uploads\/2025\/09\/DSC05891-684x1024.jpg 684w, https:\/\/radovanovicdentalcenter.rs\/wp-content\/uploads\/2025\/09\/DSC05891-768x1150.jpg 768w, https:\/\/radovanovicdentalcenter.rs\/wp-content\/uploads\/2025\/09\/DSC05891-1026x1536.jpg 1026w, https:\/\/radovanovicdentalcenter.rs\/wp-content\/uploads\/2025\/09\/DSC05891-1368x2048.jpg 1368w\" sizes=\"(max-width: 1710px) 100vw, 1710px\" \/><\/figure>\n<\/div><\/div><\/div>\n\n\n\n<div class=\"wp-block-group\" style=\"margin-top:16px;margin-bottom:8px;padding-right:15px;padding-left:15px\"><div class=\"wp-block-group__inner-container is-layout-constrained wp-container-core-group-is-layout-a8be88c5 wp-block-group-is-layout-constrained\">\n<h4 class=\"wp-block-heading has-text-align-center\">Tamara Jovi\u010di\u0107<\/h4>\n\n\n\n<p class=\"has-text-align-center has-primary-color has-text-color has-link-color wp-elements-419a4e6a7826403cc2f5fcabdd2cbae3\" style=\"margin-top:var(--wp--preset--spacing--20)\">Zubni proteti\u010dar<\/p>\n\n\n\n<p><a href=\"https:\/\/startuj.infostud.com\/studijski-programi\/zubni-proteticar\/281\"><\/a><\/p>\n\n\n\n<p><a href=\"https:\/\/startuj.infostud.com\/studijski-programi\/zubni-proteticar\/281\"><\/a><\/p>\n\n\n\n<p class=\"has-text-align-center has-primary-color has-text-color has-link-color wp-elements-94cf4daf4a97f931999191eb46e4ad2e\" style=\"margin-top:var(--wp--preset--spacing--20)\"><a href=\"https:\/\/startuj.infostud.com\/studijski-programi\/zubni-proteticar\/281\"><\/a><\/p>\n<\/div><\/div>\n<\/div><\/div>\n<\/div><\/div>\n<\/div>\n\n\n\n<div class=\"wp-block-column is-layout-flow wp-block-column-is-layout-flow\">\n<div class=\"wp-block-group\"><div class=\"wp-block-group__inner-container is-layout-constrained wp-block-group-is-layout-constrained\">\n<div class=\"wp-block-group shadow has-white-background-color has-background\" style=\"border-radius:20px;padding-top:8px;padding-right:8px;padding-bottom:8px;padding-left:8px\"><div class=\"wp-block-group__inner-container is-layout-constrained wp-container-core-group-is-layout-626f7581 wp-block-group-is-layout-constrained\">\n<div class=\"wp-block-group\"><div class=\"wp-block-group__inner-container is-layout-constrained wp-block-group-is-layout-constrained\"><div class=\"wp-block-image\">\n<figure class=\"aligncenter size-full is-resized has-custom-border\"><img decoding=\"async\" width=\"1710\" height=\"2560\" src=\"https:\/\/radovanovicdentalcenter.rs\/wp-content\/uploads\/2025\/09\/DSC05937-scaled.jpg\" alt=\"\" class=\"wp-image-77\" style=\"border-radius:12px;width:189px;height:auto\" srcset=\"https:\/\/radovanovicdentalcenter.rs\/wp-content\/uploads\/2025\/09\/DSC05937-scaled.jpg 1710w, https:\/\/radovanovicdentalcenter.rs\/wp-content\/uploads\/2025\/09\/DSC05937-200x300.jpg 200w, https:\/\/radovanovicdentalcenter.rs\/wp-content\/uploads\/2025\/09\/DSC05937-684x1024.jpg 684w, https:\/\/radovanovicdentalcenter.rs\/wp-content\/uploads\/2025\/09\/DSC05937-768x1150.jpg 768w, https:\/\/radovanovicdentalcenter.rs\/wp-content\/uploads\/2025\/09\/DSC05937-1026x1536.jpg 1026w, https:\/\/radovanovicdentalcenter.rs\/wp-content\/uploads\/2025\/09\/DSC05937-1368x2048.jpg 1368w\" sizes=\"(max-width: 1710px) 100vw, 1710px\" \/><\/figure>\n<\/div><\/div><\/div>\n\n\n\n<div class=\"wp-block-group\" style=\"margin-top:16px;margin-bottom:8px;padding-right:15px;padding-left:15px\"><div class=\"wp-block-group__inner-container is-layout-constrained wp-container-core-group-is-layout-a8be88c5 wp-block-group-is-layout-constrained\">\n<h4 class=\"wp-block-heading alignwide has-text-align-center\">Dr. Milan Radovanovi\u0107<\/h4>\n\n\n\n<p class=\"has-text-align-center has-primary-color has-text-color has-link-color wp-elements-cc5ef78c9e537ea516d128c04b057af5\" style=\"margin-top:var(--wp--preset--spacing--20)\">Specijalista protetike<\/p>\n\n\n\n<p class=\"has-text-align-center has-primary-color has-text-color has-link-color wp-elements-1eef1c902a881711553af14a780c0e4c\" style=\"margin-top:var(--wp--preset--spacing--20)\"><\/p>\n<\/div><\/div>\n<\/div><\/div>\n<\/div><\/div>\n<\/div>\n<\/div>\n<\/div><\/div>\n<\/div><\/div>\n","protected":false},"excerpt":{"rendered":"<p>Dobrodo\u0161li u na\u0161u stomatolo\u0161ku ordinaciju Dental Center \u2013 mesto gde se znanje, iskustvo i savremena tehnologija spajaju kako bi vam pru\u017eili najbolju negu za va\u0161 osmeh. Na\u0161 tim stru\u010dnjaka posve\u0107en je tome da svaka poseta bude prijatna, bezbolna i ispunjena poverenjem. Pru\u017eamo kompletnu stomatolo\u0161ku uslugu \u2013 od preventivne i estetske stomatologije, preko protetike, ortopedije vilica, [&hellip;]<\/p>\n","protected":false},"author":1,"featured_media":0,"parent":0,"menu_order":0,"comment_status":"closed","ping_status":"closed","template":"","meta":{"footnotes":""},"class_list":["post-17","page","type-page","status-publish","hentry"],"_links":{"self":[{"href":"https:\/\/radovanovicdentalcenter.rs\/index.php?rest_route=\/wp\/v2\/pages\/17","targetHints":{"allow":["GET"]}}],"collection":[{"href":"https:\/\/radovanovicdentalcenter.rs\/index.php?rest_route=\/wp\/v2\/pages"}],"about":[{"href":"https:\/\/radovanovicdentalcenter.rs\/index.php?rest_route=\/wp\/v2\/types\/page"}],"author":[{"embeddable":true,"href":"https:\/\/radovanovicdentalcenter.rs\/index.php?rest_route=\/wp\/v2\/users\/1"}],"replies":[{"embeddable":true,"href":"https:\/\/radovanovicdentalcenter.rs\/index.php?rest_route=%2Fwp%2Fv2%2Fcomments&post=17"}],"version-history":[{"count":5,"href":"https:\/\/radovanovicdentalcenter.rs\/index.php?rest_route=\/wp\/v2\/pages\/17\/revisions"}],"predecessor-version":[{"id":733,"href":"https:\/\/radovanovicdentalcenter.rs\/index.php?rest_route=\/wp\/v2\/pages\/17\/revisions\/733"}],"wp:attachment":[{"href":"https:\/\/radovanovicdentalcenter.rs\/index.php?rest_route=%2Fwp%2Fv2%2Fmedia&parent=17"}],"curies":[{"name":"wp","href":"https:\/\/api.w.org\/{rel}","templated":true}]}}