{"id":151,"date":"2025-09-30T16:08:43","date_gmt":"2025-09-30T16:08:43","guid":{"rendered":"https:\/\/radovanovicdentalcenter.rs\/?page_id=151"},"modified":"2025-10-20T17:57:48","modified_gmt":"2025-10-20T17:57:48","slug":"usluge","status":"publish","type":"page","link":"https:\/\/radovanovicdentalcenter.rs\/?page_id=151","title":{"rendered":"Usluge centra"},"content":{"rendered":"\n<h2 class=\"wp-block-heading has-text-align-center\">Info: +38163 323226<\/h2>\n\n\n\n<figure class=\"wp-block-image\"><img decoding=\"async\" src=\"https:\/\/radovanovicdentalcenter.rs\/wp-content\/themes\/toothwise\/images\/ser1.png\" alt=\"\" class=\"wp-image-71\"\/><\/figure>\n\n\n\n<h4 class=\"wp-block-heading\">Protetika <\/h4>\n\n\n\n<p>Protetika je grana stomatologije koja se bavi nadoknadom izgubljenih zuba i o\u0161te\u0107enih delova zubnog niza. U protetici se koriste razli\u010dita re\u0161enja poput krunica, mostova, proteza i implantata.<\/p>\n\n\n\n<p><a href=\"https:\/\/radovanovicdentalcenter.rs\/?page_id=215\" data-type=\"page\" data-id=\"215\">Vi\u0161e o tome<\/a><\/p>\n\n\n\n<figure class=\"wp-block-image\"><img decoding=\"async\" src=\"https:\/\/radovanovicdentalcenter.rs\/wp-content\/themes\/toothwise\/images\/ser2.png\" alt=\"\" class=\"wp-image-87\"\/><\/figure>\n\n\n\n<h4 class=\"wp-block-heading\">Oralna hirurgija<\/h4>\n\n\n\n<p>Bavi se dijagnostikom i hirur\u0161kim le\u010denjem oboljenja, povreda i deformiteta usta, vilica. Obuhvata zahvate poput va\u0111enja umnjaka, ugradnje implantata, uklanjanja cista i korekcije ko\u0161tanih nepravilnosti.<\/p>\n\n\n\n<p><a href=\"https:\/\/radovanovicdentalcenter.rs\/?page_id=219\" data-type=\"page\" data-id=\"219\">Vi\u0161e o tome<\/a><\/p>\n\n\n\n<figure class=\"wp-block-image\"><img decoding=\"async\" src=\"https:\/\/radovanovicdentalcenter.rs\/wp-content\/themes\/toothwise\/images\/ser3.png\" alt=\"\" class=\"wp-image-88\"\/><\/figure>\n\n\n\n<h4 class=\"wp-block-heading\">Implantologija<\/h4>\n\n\n\n<p>Implantologija je oblast stomatologije koja se bavi ugradnjom dentalnih implantata radi nadoknade izgubljenih zuba. Omogu\u0107ava trajno i funkcionalno re\u0161enje koje vra\u0107a prirodan izgled i stabilnost zubnog niza.<\/p>\n\n\n\n<p><a href=\"https:\/\/radovanovicdentalcenter.rs\/?page_id=222\" data-type=\"page\" data-id=\"222\">Vi\u0161e o tome<\/a><\/p>\n\n\n\n<figure class=\"wp-block-image\"><img decoding=\"async\" src=\"https:\/\/radovanovicdentalcenter.rs\/wp-content\/themes\/toothwise\/images\/ser4.png\" alt=\"\" class=\"wp-image-89\"\/><\/figure>\n\n\n\n<h4 class=\"wp-block-heading\">Parodontologija<\/h4>\n\n\n\n<p>Prou\u010dava, dijagnostikuje i le\u010di oboljenja potpornog aparata zuba \u2013 desni, kosti i vlakana koja dr\u017ee zub. Njena uloga je o\u010duvanje zdravlja desni i spre\u010davanje gubitka zuba usled parodontalnih bolesti.<\/p>\n\n\n\n<p><a href=\"https:\/\/radovanovicdentalcenter.rs\/?page_id=224\" data-type=\"page\" data-id=\"224\">Vi\u0161e o tome<\/a><\/p>\n\n\n\n<figure class=\"wp-block-image\"><img decoding=\"async\" src=\"https:\/\/radovanovicdentalcenter.rs\/wp-content\/themes\/toothwise\/images\/ser5.png\" alt=\"\" class=\"wp-image-90\"\/><\/figure>\n\n\n\n<h4 class=\"wp-block-heading\">Ortopedija vilica<\/h4>\n\n\n\n<p>Bavi se ispravljanjem nepravilnog polo\u017eaja zuba i vilica. Njena svrha je postizanje pravilnog zagri\u017eaja, funkcionalnosti i estetskog izgleda osmeha uz pomo\u0107 aparati\u0107a i drugih ortodontskih pomagala.<\/p>\n\n\n\n<p><a href=\"https:\/\/radovanovicdentalcenter.rs\/?page_id=226\" data-type=\"page\" data-id=\"226\">Vi\u0161e o tome<\/a><\/p>\n\n\n\n<figure class=\"wp-block-image\"><img decoding=\"async\" src=\"https:\/\/radovanovicdentalcenter.rs\/wp-content\/themes\/toothwise\/images\/ser6.png\" alt=\"\" class=\"wp-image-91\"\/><\/figure>\n\n\n\n<h4 class=\"wp-block-heading\">Edondoncija<\/h4>\n\n\n\n<p>Bavi se dijagnostikom i le\u010denjem bolesti zubne pulpe i korenskih kanala. Naj\u010de\u0161\u0107i postupak u endodonciji je \u201eva\u0111enje \u017eivca\u201c odnosno le\u010denje kanala korena zuba radi o\u010duvanja samog zuba.<\/p>\n\n\n\n<p><a href=\"https:\/\/radovanovicdentalcenter.rs\/?page_id=228\" data-type=\"page\" data-id=\"228\">Vi\u0161e o tome<\/a><\/p>\n\n\n\n<p><\/p>\n","protected":false},"excerpt":{"rendered":"<p>Info: +38163 323226 Protetika Protetika je grana stomatologije koja se bavi nadoknadom izgubljenih zuba i o\u0161te\u0107enih delova zubnog niza. U protetici se koriste razli\u010dita re\u0161enja poput krunica, mostova, proteza i implantata. Vi\u0161e o tome Oralna hirurgija Bavi se dijagnostikom i hirur\u0161kim le\u010denjem oboljenja, povreda i deformiteta usta, vilica. Obuhvata zahvate poput va\u0111enja umnjaka, ugradnje implantata, [&hellip;]<\/p>\n","protected":false},"author":1,"featured_media":0,"parent":0,"menu_order":0,"comment_status":"closed","ping_status":"closed","template":"","meta":{"footnotes":""},"class_list":["post-151","page","type-page","status-publish","hentry"],"_links":{"self":[{"href":"https:\/\/radovanovicdentalcenter.rs\/index.php?rest_route=\/wp\/v2\/pages\/151","targetHints":{"allow":["GET"]}}],"collection":[{"href":"https:\/\/radovanovicdentalcenter.rs\/index.php?rest_route=\/wp\/v2\/pages"}],"about":[{"href":"https:\/\/radovanovicdentalcenter.rs\/index.php?rest_route=\/wp\/v2\/types\/page"}],"author":[{"embeddable":true,"href":"https:\/\/radovanovicdentalcenter.rs\/index.php?rest_route=\/wp\/v2\/users\/1"}],"replies":[{"embeddable":true,"href":"https:\/\/radovanovicdentalcenter.rs\/index.php?rest_route=%2Fwp%2Fv2%2Fcomments&post=151"}],"version-history":[{"count":5,"href":"https:\/\/radovanovicdentalcenter.rs\/index.php?rest_route=\/wp\/v2\/pages\/151\/revisions"}],"predecessor-version":[{"id":512,"href":"https:\/\/radovanovicdentalcenter.rs\/index.php?rest_route=\/wp\/v2\/pages\/151\/revisions\/512"}],"wp:attachment":[{"href":"https:\/\/radovanovicdentalcenter.rs\/index.php?rest_route=%2Fwp%2Fv2%2Fmedia&parent=151"}],"curies":[{"name":"wp","href":"https:\/\/api.w.org\/{rel}","templated":true}]}}